{"id":888,"date":"2024-07-12T10:41:52","date_gmt":"2024-07-12T10:41:52","guid":{"rendered":"https:\/\/leyster.com\/?page_id=888"},"modified":"2025-07-14T15:03:45","modified_gmt":"2025-07-14T15:03:45","slug":"m-molter","status":"publish","type":"page","link":"https:\/\/leyster.com\/de\/team\/m-molter\/","title":{"rendered":"M. Molter"},"content":{"rendered":"<div class=\"wpb-content-wrapper\"><p>[vc_row full_width=&#8221;stretch_row_content_no_spaces&#8221; equal_height=&#8221;yes&#8221; css=&#8221;.vc_custom_1720781151048{margin-top: 0px !important;margin-bottom: 0px !important;padding-top: 0px !important;padding-bottom: 0px !important;}&#8221;][vc_column parallax=&#8221;content-moving&#8221; parallax_speed_bg=&#8221;1.2&#8243; css_animation=&#8221;fadeIn&#8221; width=&#8221;1\/2&#8243; css=&#8221;.vc_custom_1721656941076{padding-top: 60px !important;padding-right: 120px !important;padding-bottom: 60px !important;padding-left: 90px !important;}&#8221; offset=&#8221;vc_hidden-xs&#8221;][vc_column_text css=&#8221;.vc_custom_1724317594505{margin-bottom: 30px !important;padding-bottom: 0px !important;}&#8221;]<\/p>\n<table style=\"width: 100%; border-collapse: collapse;\" border=\"0\" cellspacing=\"0\" cellpadding=\"0\">\n<tbody>\n<tr>\n<td style=\"width: 50%;\">\n<h4><strong>Mireille Molter<\/strong><\/h4>\n<p>PARTNER<\/td>\n<td style=\"width: 50%; padding-left: 20px; padding-top: 0px; text-align: left; vertical-align: top;\"><a href=\"mailt:mm@leyster.com\">MAIL &gt;&gt;<\/a><br \/>\n<a href=\"https:\/\/www.linkedin.com\/in\/mireille-de-ridder-molter-82458a\/\" target=\"_blank\" rel=\"noopener\">LINKEDIN &gt;&gt;<\/a><\/td>\n<\/tr>\n<\/tbody>\n<\/table>\n<p>[\/vc_column_text][vc_column_text css=&#8221;&#8221;]Mireille ist seit 2024 Teil des Leyster-Teams.<\/p>\n<p>Bevor sie zu Leyster kam, leitete sie ihr eigenes Beratungsunternehmen in Frankfurt, wo sie Projekte im Bereich Finanzberatung und -strategie durchf\u00fchrte. Den Gro\u00dfteil ihrer Karriere verbrachte Mireille bei der Credit Suisse in London. Dort arbeitete sie \u00fcberwiegend mit niederl\u00e4ndischen institutionellen Anlegern im Investment Banking und Kapitalmarktgesch\u00e4ft.<\/p>\n<p>Mireille hat einen Master in Finanzwirtschaft von der Universiteit van Amsterdam.[\/vc_column_text][\/vc_column][vc_column css_animation=&#8221;fadeIn&#8221; width=&#8221;1\/2&#8243; css=&#8221;.vc_custom_1721656943460{padding-top: 60px !important;padding-bottom: 100px !important;}&#8221; offset=&#8221;vc_hidden-xs&#8221;][vc_row_inner][vc_column_inner width=&#8221;1\/6&#8243;][\/vc_column_inner][vc_column_inner width=&#8221;2\/3&#8243;][vc_single_image image=&#8221;1240&#8243; img_size=&#8221;full&#8221; css=&#8221;&#8221;][\/vc_column_inner][vc_column_inner width=&#8221;1\/6&#8243;][\/vc_column_inner][\/vc_row_inner][\/vc_column][\/vc_row][vc_row full_width=&#8221;stretch_row_content_no_spaces&#8221; equal_height=&#8221;yes&#8221; css=&#8221;.vc_custom_1720781151048{margin-top: 0px !important;margin-bottom: 0px !important;padding-top: 0px !important;padding-bottom: 0px !important;}&#8221;][vc_column parallax=&#8221;content-moving&#8221; parallax_speed_bg=&#8221;1.2&#8243; css_animation=&#8221;fadeIn&#8221; width=&#8221;1\/2&#8243; css=&#8221;.vc_custom_1721657210693{padding-top: 30px !important;padding-right: 60px !important;padding-bottom: 10px !important;padding-left: 40px !important;}&#8221; offset=&#8221;vc_hidden-lg vc_hidden-md vc_hidden-sm&#8221;][vc_column_text css=&#8221;.vc_custom_1724317598815{margin-bottom: 30px !important;padding-bottom: 0px !important;}&#8221;]<\/p>\n<table style=\"width: 100%; border-collapse: collapse;\" border=\"0\" cellspacing=\"0\" cellpadding=\"0\">\n<tbody>\n<tr>\n<td style=\"width: 50%;\">\n<h4><strong>Mireille Molter<\/strong><\/h4>\n<p>PARTNER<\/td>\n<td style=\"width: 50%; padding-left: 20px; padding-top: 0px; text-align: left; vertical-align: top;\"><a href=\"mailt:mm@leyster.com\">MAIL &gt;&gt;<\/a><br \/>\n<a href=\"https:\/\/www.linkedin.com\/in\/mireille-de-ridder-molter-82458a\/\" target=\"_blank\" rel=\"noopener\">LINKEDIN &gt;&gt;<\/a><\/td>\n<\/tr>\n<\/tbody>\n<\/table>\n<p>[\/vc_column_text][vc_column_text css=&#8221;&#8221;]Mireille ist seit 2024 Teil des Leyster-Teams.<\/p>\n<p>Bevor sie zu Leyster kam, leitete sie ihr eigenes Beratungsunternehmen in Frankfurt, wo sie Projekte im Bereich Finanzberatung und -strategie durchf\u00fchrte. Den Gro\u00dfteil ihrer Karriere verbrachte Mireille bei der Credit Suisse in London. Dort arbeitete sie \u00fcberwiegend mit niederl\u00e4ndischen institutionellen Anlegern im Investment Banking und Kapitalmarktgesch\u00e4ft.<\/p>\n<p>Mireille hat einen Master in Finanzwirtschaft von der Universiteit van Amsterdam.[\/vc_column_text][\/vc_column][vc_column css_animation=&#8221;fadeIn&#8221; width=&#8221;1\/2&#8243; css=&#8221;.vc_custom_1721657229640{padding-top: 60px !important;padding-bottom: 20px !important;}&#8221; offset=&#8221;vc_hidden-lg vc_hidden-md vc_hidden-sm&#8221;][vc_row_inner][vc_column_inner width=&#8221;1\/6&#8243;][\/vc_column_inner][vc_column_inner width=&#8221;2\/3&#8243;][vc_single_image image=&#8221;1240&#8243; img_size=&#8221;full&#8221; css=&#8221;&#8221;][\/vc_column_inner][vc_column_inner width=&#8221;1\/6&#8243;][\/vc_column_inner][\/vc_row_inner][\/vc_column][\/vc_row]<\/p>\n<\/div>","protected":false},"excerpt":{"rendered":"<p>[vc_row full_width=&#8221;stretch_row_content_no_spaces&#8221; equal_height=&#8221;yes&#8221; css=&#8221;.vc_custom_1720781151048{margin-top: 0px !important;margin-bottom: 0px !important;padding-top: 0px !important;padding-bottom: 0px !important;}&#8221;][vc_column parallax=&#8221;content-moving&#8221; parallax_speed_bg=&#8221;1.2&#8243; css_animation=&#8221;fadeIn&#8221; width=&#8221;1\/2&#8243; css=&#8221;.vc_custom_1721656941076{padding-top: 60px !important;padding-right: 120px [&hellip;]<\/p>\n","protected":false},"author":1,"featured_media":0,"parent":884,"menu_order":17,"comment_status":"closed","ping_status":"closed","template":"","meta":{"inline_featured_image":false,"site-sidebar-layout":"no-sidebar","site-content-layout":"plain-container","ast-site-content-layout":"default","site-content-style":"default","site-sidebar-style":"default","ast-global-header-display":"","ast-banner-title-visibility":"","ast-main-header-display":"","ast-hfb-above-header-display":"","ast-hfb-below-header-display":"","ast-hfb-mobile-header-display":"","site-post-title":"disabled","ast-breadcrumbs-content":"","ast-featured-img":"disabled","footer-sml-layout":"","ast-disable-related-posts":"","theme-transparent-header-meta":"default","adv-header-id-meta":"","stick-header-meta":"","header-above-stick-meta":"","header-main-stick-meta":"","header-below-stick-meta":"","astra-migrate-meta-layouts":"set","ast-page-background-enabled":"default","ast-page-background-meta":{"desktop":{"background-color":"var(--ast-global-color-4)","background-image":"","background-repeat":"repeat","background-position":"center center","background-size":"auto","background-attachment":"scroll","background-type":"","background-media":"","overlay-type":"","overlay-color":"","overlay-opacity":"","overlay-gradient":""},"tablet":{"background-color":"","background-image":"","background-repeat":"repeat","background-position":"center center","background-size":"auto","background-attachment":"scroll","background-type":"","background-media":"","overlay-type":"","overlay-color":"","overlay-opacity":"","overlay-gradient":""},"mobile":{"background-color":"","background-image":"","background-repeat":"repeat","background-position":"center center","background-size":"auto","background-attachment":"scroll","background-type":"","background-media":"","overlay-type":"","overlay-color":"","overlay-opacity":"","overlay-gradient":""}},"ast-content-background-meta":{"desktop":{"background-color":"var(--ast-global-color-5)","background-image":"","background-repeat":"repeat","background-position":"center center","background-size":"auto","background-attachment":"scroll","background-type":"","background-media":"","overlay-type":"","overlay-color":"","overlay-opacity":"","overlay-gradient":""},"tablet":{"background-color":"var(--ast-global-color-5)","background-image":"","background-repeat":"repeat","background-position":"center center","background-size":"auto","background-attachment":"scroll","background-type":"","background-media":"","overlay-type":"","overlay-color":"","overlay-opacity":"","overlay-gradient":""},"mobile":{"background-color":"var(--ast-global-color-5)","background-image":"","background-repeat":"repeat","background-position":"center center","background-size":"auto","background-attachment":"scroll","background-type":"","background-media":"","overlay-type":"","overlay-color":"","overlay-opacity":"","overlay-gradient":""}},"footnotes":""},"class_list":["post-888","page","type-page","status-publish","hentry"],"_links":{"self":[{"href":"https:\/\/leyster.com\/de\/wp-json\/wp\/v2\/pages\/888","targetHints":{"allow":["GET"]}}],"collection":[{"href":"https:\/\/leyster.com\/de\/wp-json\/wp\/v2\/pages"}],"about":[{"href":"https:\/\/leyster.com\/de\/wp-json\/wp\/v2\/types\/page"}],"author":[{"embeddable":true,"href":"https:\/\/leyster.com\/de\/wp-json\/wp\/v2\/users\/1"}],"replies":[{"embeddable":true,"href":"https:\/\/leyster.com\/de\/wp-json\/wp\/v2\/comments?post=888"}],"version-history":[{"count":4,"href":"https:\/\/leyster.com\/de\/wp-json\/wp\/v2\/pages\/888\/revisions"}],"predecessor-version":[{"id":1257,"href":"https:\/\/leyster.com\/de\/wp-json\/wp\/v2\/pages\/888\/revisions\/1257"}],"up":[{"embeddable":true,"href":"https:\/\/leyster.com\/de\/wp-json\/wp\/v2\/pages\/884"}],"wp:attachment":[{"href":"https:\/\/leyster.com\/de\/wp-json\/wp\/v2\/media?parent=888"}],"curies":[{"name":"wp","href":"https:\/\/api.w.org\/{rel}","templated":true}]}}